{"id":1046,"date":"2024-06-12T07:53:25","date_gmt":"2024-06-12T12:53:25","guid":{"rendered":"https:\/\/www.fundacionbiodiversa.org\/fundacion2024\/?page_id=1046"},"modified":"2024-07-12T11:16:33","modified_gmt":"2024-07-12T16:16:33","slug":"blogs-2","status":"publish","type":"page","link":"https:\/\/www.fundacionbiodiversa.org\/fundacion2024\/es\/blogs-2\/","title":{"rendered":"Blogs"},"content":{"rendered":"<section class=\"l-section wpb_row height_auto\"><div class=\"l-section-h i-cf\"><div class=\"g-cols vc_row via_grid cols_1 laptops-cols_inherit tablets-cols_inherit mobiles-cols_1 valign_top type_default stacking_default\"><div class=\"wpb_column vc_column_container\"><div class=\"vc_column-inner\">\n\t\t\t<!-- START PAJARO REVOLUTION SLIDER 6.7.18 --><p class=\"rs-p-wp-fix\"><\/p>\n\t\t\t<rs-module-wrap id=\"rev_slider_8_1_wrapper\" data-source=\"gallery\" style=\"visibility:hidden;background:transparent;padding:0;margin:0px auto;margin-top:0;margin-bottom:0;\">\n\t\t\t\t<rs-module id=\"rev_slider_8_1\" style=\"\" data-version=\"6.7.18\">\n\t\t\t\t\t<rs-slides style=\"overflow: hidden; position: absolute;\">\n\t\t\t\t\t\t<rs-slide style=\"position: absolute;\" data-key=\"rs-13\" data-title=\"Slide\" data-in=\"o:0;\" data-out=\"a:false;\">\n\t\t\t\t\t\t\t<img decoding=\"async\" src=\"\/\/www.fundacionbiodiversa.org\/fundacion2024\/wp-content\/plugins\/revslider\/sr6\/assets\/assets\/dummy.png\" alt=\"Slide\" title=\"Blogs\" class=\"rev-slidebg tp-rs-img rs-lazyload\" data-lazyload=\"\/\/www.fundacionbiodiversa.org\/fundacion2024\/wp-content\/plugins\/revslider\/sr6\/assets\/assets\/transparent.png\" data-no-retina>\n<!--\n\t\t\t\t\t\t\t--><rs-layer\n\t\t\t\t\t\t\t\tid=\"slider-8-slide-13-layer-0\" \n\t\t\t\t\t\t\t\tdata-type=\"image\"\n\t\t\t\t\t\t\t\tdata-rsp_ch=\"on\"\n\t\t\t\t\t\t\t\tdata-xy=\"x:-869px;y:-641px;\"\n\t\t\t\t\t\t\t\tdata-text=\"w:normal;\"\n\t\t\t\t\t\t\t\tdata-dim=\"w:2980px;h:1987px;\"\n\t\t\t\t\t\t\t\tdata-frame_0=\"sX:0.9;sY:0.9;\"\n\t\t\t\t\t\t\t\tdata-frame_1=\"sp:1000;\"\n\t\t\t\t\t\t\t\tdata-frame_999=\"o:0;st:w;\"\n\t\t\t\t\t\t\t\tstyle=\"z-index:5;\"\n\t\t\t\t\t\t\t><img decoding=\"async\" src=\"\/\/www.fundacionbiodiversa.org\/fundacion2024\/wp-content\/plugins\/revslider\/sr6\/assets\/assets\/dummy.png\" alt=\"\" class=\"tp-rs-img rs-lazyload\" width=\"2980\" height=\"1987\" data-lazyload=\"\/\/www.fundacionbiodiversa.org\/fundacion2024\/wp-content\/uploads\/2024\/06\/Banded-Acari-Pteroglossus_torquatus-scaled.jpg\" data-no-retina> \n\t\t\t\t\t\t\t<\/rs-layer><!--\n-->\t\t\t\t\t<\/rs-slide>\n\t\t\t\t\t<\/rs-slides>\n\t\t\t\t<\/rs-module>\n\t\t\t\t<script>\n\t\t\t\t\tsetREVStartSize({c: 'rev_slider_8_1',rl:[1240,1024,778,480],el:[400],gw:[1240],gh:[400],type:'standard',justify:'',layout:'fullwidth',mh:\"0\"});if (window.RS_MODULES!==undefined && window.RS_MODULES.modules!==undefined && window.RS_MODULES.modules[\"revslider81\"]!==undefined) {window.RS_MODULES.modules[\"revslider81\"].once = false;window.revapi8 = undefined;if (window.RS_MODULES.checkMinimal!==undefined) window.RS_MODULES.checkMinimal()}\n\t\t\t\t<\/script>\n\t\t\t<\/rs-module-wrap>\n\t\t\t<!-- END REVOLUTION SLIDER -->\n<div class=\"w-separator size_medium\"><\/div><div class=\"wpb_text_column us_custom_f221e5ff\"><div class=\"wpb_wrapper\"><h4 style=\"text-align: center;\"><strong>Check out our blogs<\/strong><\/h4>\n<div class=\"clearfix recentwork\">\n<div class=\" third\">\n<div class=\"mosaic-block fade\"><\/div>\n<\/div>\n<\/div>\n<\/div><\/div><div class=\"w-separator size_small\"><\/div><div class=\"wpb_text_column us_custom_f221e5ff\"><div class=\"wpb_wrapper\"><p><strong>Biodiversa Colombia Foundation<\/strong> invites you to learn more about the main outreach results of our Agroecology projects in the Ci\u00e9nagas de Barbacoas.<\/p>\n<\/div><\/div><\/div><\/div><\/div><\/div><\/section><section class=\"l-section wpb_row us_custom_b03640aa height_medium\"><div class=\"l-section-h i-cf\"><div class=\"g-cols vc_row via_grid cols_1 laptops-cols_inherit tablets-cols_1 mobiles-cols_1 valign_top type_default reversed stacking_default\"><div class=\"wpb_column vc_column_container us_custom_70cfe74d\"><div class=\"vc_column-inner\"><div class=\"w-separator size_large\"><\/div><div class=\"w-grid type_grid layout_242 cols_3\" id=\"us_grid_1\" style=\"--gap:12.5px;\" data-filterable=\"true\"><style>@media (max-width:1023px){#us_grid_1 .w-grid-item{width:50%}}@media (max-width:767px){#us_grid_1 .w-grid-list{margin:0}#us_grid_1 .w-grid-item{width:100%;padding:0;margin-bottom:var(--gap,0px)}}.layout_242 .w-grid-item-h{}@media(max-width:599px){.layout_242 .usg_post_content_1{display:none!important}}.layout_242 .usg_post_custom_field_1{transition-duration:0.3s;transform-origin:50% 50%;transform:scale(1) translate(0%,0%);opacity:0}.layout_242 .w-grid-item-h:hover .usg_post_custom_field_1{transform:scale(1) translate(0%,0%);opacity:1}.layout_242 .usg_post_title_1{font-family:var(--h1-font-family)!important;font-size:1.2rem!important}.layout_242 .usg_post_taxonomy_1{font-weight:700!important;font-size:0.9rem!important}.layout_242 .usg_post_date_1{color:#7a858c!important;font-family:var(--font-family)!important;font-size:0.9rem!important}.layout_242 .usg_post_custom_field_1{position:absolute!important;left:-1.5rem!important;top:-1.5rem!important;bottom:-1.5rem!important;right:-1.5rem!important;box-shadow:0 10px 30px 0 rgba(0,0,0,0.12)!important}@media (min-width:1025px) and (max-width:1380px){.layout_242 .usg_post_title_1{font-family:var(--h1-font-family)!important;font-size:1.2rem!important}.layout_242 .usg_post_taxonomy_1{font-weight:700!important;font-size:0.9rem!important}.layout_242 .usg_post_date_1{color:#7a858c!important;font-family:var(--font-family)!important;font-size:0.9rem!important}.layout_242 .usg_post_custom_field_1{position:absolute!important;left:-1.5rem!important;top:-1.5rem!important;bottom:-1.5rem!important;right:-1.5rem!important;box-shadow:0 10px 30px 0 rgba(0,0,0,0.12)!important}}@media (min-width:601px) and (max-width:1024px){.layout_242 .usg_post_title_1{font-family:var(--h1-font-family)!important;font-size:1.2rem!important}.layout_242 .usg_post_taxonomy_1{font-weight:700!important;font-size:0.9rem!important}.layout_242 .usg_post_date_1{color:#7a858c!important;font-family:var(--font-family)!important;font-size:0.9rem!important}.layout_242 .usg_post_custom_field_1{position:absolute!important;left:-1.5rem!important;top:-1.5rem!important;bottom:-1.5rem!important;right:-1.5rem!important;box-shadow:0 10px 30px 0 rgba(0,0,0,0.12)!important}}@media (max-width:600px){.layout_242 .usg_post_title_1{font-family:var(--h1-font-family)!important;font-size:1.2rem!important}.layout_242 .usg_post_taxonomy_1{font-weight:700!important;font-size:0.9rem!important}.layout_242 .usg_post_date_1{color:#7a858c!important;font-family:var(--font-family)!important;font-size:0.9rem!important}.layout_242 .usg_post_custom_field_1{position:absolute!important;left:-1.5rem!important;top:-1.5rem!important;bottom:-1.5rem!important;right:-1.5rem!important;box-shadow:0 10px 30px 0 rgba(0,0,0,0.12)!important}}<\/style><div class=\"w-grid-list\">\t<article class=\"w-grid-item size_1x1 post-936 post type-post status-publish format-standard has-post-thumbnail hentry category-blogs\" data-id=\"936\">\n\t\t<div class=\"w-grid-item-h\">\n\t\t\t\t\t\t<div class=\"w-post-elm post_custom_field usg_post_custom_field_1 type_text  color_link_inherit\"><span class=\"w-post-elm-value\"><\/span><\/div><div class=\"w-vwrapper usg_vwrapper_1 align_left valign_top\" style=\"--vwrapper-gap:0.5rem\"><div class=\"w-post-elm post_image usg_post_image_1 has_ratio\"><div style=\"padding-bottom:75%\"><\/div><a href=\"https:\/\/www.fundacionbiodiversa.org\/fundacion2024\/es\/reserva-exposicion-de-arte-natura\/\" aria-label=\"\u00a1Reserva! Exposici\u00f3n de arte &#8220;Natura&#8221;\"><img decoding=\"async\" width=\"237\" height=\"300\" data-src=\"https:\/\/www.fundacionbiodiversa.org\/fundacion2024\/wp-content\/uploads\/2024\/06\/natura_art_exhibition-237x300.webp\" class=\"attachment-medium size-medium wp-post-image lazyload\" alt=\"\" data-srcset=\"https:\/\/www.fundacionbiodiversa.org\/fundacion2024\/wp-content\/uploads\/2024\/06\/natura_art_exhibition-237x300.webp 237w, https:\/\/www.fundacionbiodiversa.org\/fundacion2024\/wp-content\/uploads\/2024\/06\/natura_art_exhibition.webp 594w\" data-sizes=\"(max-width: 237px) 100vw, 237px\" src=\"data:image\/svg+xml;base64,PHN2ZyB3aWR0aD0iMSIgaGVpZ2h0PSIxIiB4bWxucz0iaHR0cDovL3d3dy53My5vcmcvMjAwMC9zdmciPjwvc3ZnPg==\" style=\"--smush-placeholder-width: 237px; --smush-placeholder-aspect-ratio: 237\/300;\" \/><\/a><\/div><div class=\"w-post-elm post_taxonomy usg_post_taxonomy_1 style_simple\"><a class=\"term-11 term-blogs\" href=\"https:\/\/www.fundacionbiodiversa.org\/fundacion2024\/es\/category\/blogs\/\">Blogs<\/a><\/div><h2 class=\"w-post-elm post_title usg_post_title_1 entry-title color_link_inherit\"><a href=\"https:\/\/www.fundacionbiodiversa.org\/fundacion2024\/es\/reserva-exposicion-de-arte-natura\/\">\u00a1Reserva! Exposici\u00f3n de arte &#8220;Natura&#8221;<\/a><\/h2><div class=\"w-post-elm post_content usg_post_content_1\">\u00a1Reserva! Exposici\u00f3n de arte &#8220;Natura&#8221;: Donde convergen ciencia y arte La Exposici\u00f3n Natura tiene como objetivo crear conciencia y obtener&hellip;<\/div><time class=\"w-post-elm post_date usg_post_date_1 has_text_color entry-date published\" datetime=\"2024-06-07T06:12:57-05:00\" title=\"7 junio 2024 a las 06:12:57 -05:00\">7 junio, 2024<\/time><\/div>\t\t<\/div>\n\t<\/article>\n\t<article class=\"w-grid-item size_1x1 post-949 post type-post status-publish format-standard has-post-thumbnail hentry category-blogs\" data-id=\"949\">\n\t\t<div class=\"w-grid-item-h\">\n\t\t\t\t\t\t<div class=\"w-post-elm post_custom_field usg_post_custom_field_1 type_text  color_link_inherit\"><span class=\"w-post-elm-value\"><\/span><\/div><div class=\"w-vwrapper usg_vwrapper_1 align_left valign_top\" style=\"--vwrapper-gap:0.5rem\"><div class=\"w-post-elm post_image usg_post_image_1 has_ratio\"><div style=\"padding-bottom:75%\"><\/div><a href=\"https:\/\/www.fundacionbiodiversa.org\/fundacion2024\/es\/nuestros-retos-y-el-futuro-de-tortugas-amazonas\/\" aria-label=\"Nuestros retos y el futuro de Tortugas Amazonas\"><img decoding=\"async\" width=\"300\" height=\"224\" data-src=\"https:\/\/www.fundacionbiodiversa.org\/fundacion2024\/wp-content\/uploads\/2024\/06\/turtles_2020_ganamos-300x224.webp\" class=\"attachment-medium size-medium wp-post-image lazyload\" alt=\"\" data-srcset=\"https:\/\/www.fundacionbiodiversa.org\/fundacion2024\/wp-content\/uploads\/2024\/06\/turtles_2020_ganamos-300x224.webp 300w, https:\/\/www.fundacionbiodiversa.org\/fundacion2024\/wp-content\/uploads\/2024\/06\/turtles_2020_ganamos-1024x766.webp 1024w, https:\/\/www.fundacionbiodiversa.org\/fundacion2024\/wp-content\/uploads\/2024\/06\/turtles_2020_ganamos.webp 1280w\" data-sizes=\"(max-width: 300px) 100vw, 300px\" src=\"data:image\/svg+xml;base64,PHN2ZyB3aWR0aD0iMSIgaGVpZ2h0PSIxIiB4bWxucz0iaHR0cDovL3d3dy53My5vcmcvMjAwMC9zdmciPjwvc3ZnPg==\" style=\"--smush-placeholder-width: 300px; --smush-placeholder-aspect-ratio: 300\/224;\" \/><\/a><\/div><div class=\"w-post-elm post_taxonomy usg_post_taxonomy_1 style_simple\"><a class=\"term-11 term-blogs\" href=\"https:\/\/www.fundacionbiodiversa.org\/fundacion2024\/es\/category\/blogs\/\">Blogs<\/a><\/div><h2 class=\"w-post-elm post_title usg_post_title_1 entry-title color_link_inherit\"><a href=\"https:\/\/www.fundacionbiodiversa.org\/fundacion2024\/es\/nuestros-retos-y-el-futuro-de-tortugas-amazonas\/\">Nuestros retos y el futuro de Tortugas Amazonas<\/a><\/h2><div class=\"w-post-elm post_content usg_post_content_1\">Nuestros retos y el futuro de Tortugas Amazonas por Carlos Su\u00e1rez Desde hace 14 a\u00f1os, una historia inspiradora de conservaci\u00f3n&hellip;<\/div><time class=\"w-post-elm post_date usg_post_date_1 has_text_color entry-date published\" datetime=\"2024-06-07T06:25:50-05:00\" title=\"7 junio 2024 a las 06:25:50 -05:00\">7 junio, 2024<\/time><\/div>\t\t<\/div>\n\t<\/article>\n\t<article class=\"w-grid-item size_1x1 post-965 post type-post status-publish format-standard has-post-thumbnail hentry category-blogs\" data-id=\"965\">\n\t\t<div class=\"w-grid-item-h\">\n\t\t\t\t\t\t<div class=\"w-post-elm post_custom_field usg_post_custom_field_1 type_text  color_link_inherit\"><span class=\"w-post-elm-value\"><\/span><\/div><div class=\"w-vwrapper usg_vwrapper_1 align_left valign_top\" style=\"--vwrapper-gap:0.5rem\"><div class=\"w-post-elm post_image usg_post_image_1 has_ratio\"><div style=\"padding-bottom:75%\"><\/div><a href=\"https:\/\/www.fundacionbiodiversa.org\/fundacion2024\/es\/entre-pescado-y-trojas\/\" aria-label=\"Entre pescado y trojas\"><img decoding=\"async\" width=\"300\" height=\"200\" data-src=\"https:\/\/www.fundacionbiodiversa.org\/fundacion2024\/wp-content\/uploads\/2024\/06\/gente_huerta-300x200.webp\" class=\"attachment-medium size-medium wp-post-image lazyload\" alt=\"\" data-srcset=\"https:\/\/www.fundacionbiodiversa.org\/fundacion2024\/wp-content\/uploads\/2024\/06\/gente_huerta-300x200.webp 300w, https:\/\/www.fundacionbiodiversa.org\/fundacion2024\/wp-content\/uploads\/2024\/06\/gente_huerta-1024x682.webp 1024w, https:\/\/www.fundacionbiodiversa.org\/fundacion2024\/wp-content\/uploads\/2024\/06\/gente_huerta.webp 1280w\" data-sizes=\"(max-width: 300px) 100vw, 300px\" src=\"data:image\/svg+xml;base64,PHN2ZyB3aWR0aD0iMSIgaGVpZ2h0PSIxIiB4bWxucz0iaHR0cDovL3d3dy53My5vcmcvMjAwMC9zdmciPjwvc3ZnPg==\" style=\"--smush-placeholder-width: 300px; --smush-placeholder-aspect-ratio: 300\/200;\" \/><\/a><\/div><div class=\"w-post-elm post_taxonomy usg_post_taxonomy_1 style_simple\"><a class=\"term-11 term-blogs\" href=\"https:\/\/www.fundacionbiodiversa.org\/fundacion2024\/es\/category\/blogs\/\">Blogs<\/a><\/div><h2 class=\"w-post-elm post_title usg_post_title_1 entry-title color_link_inherit\"><a href=\"https:\/\/www.fundacionbiodiversa.org\/fundacion2024\/es\/entre-pescado-y-trojas\/\">Entre pescado y trojas<\/a><\/h2><div class=\"w-post-elm post_content usg_post_content_1\">Entre pescado y trojas Conoce mas sobre los principales resultados de divulgaci\u00f3n de nuestro proyecto de Agroecolog\u00eda en las Ci\u00e9nagas&hellip;<\/div><time class=\"w-post-elm post_date usg_post_date_1 has_text_color entry-date published\" datetime=\"2024-06-07T06:39:21-05:00\" title=\"7 junio 2024 a las 06:39:21 -05:00\">7 junio, 2024<\/time><\/div>\t\t<\/div>\n\t<\/article>\n\t<article class=\"w-grid-item size_1x1 post-1401 post type-post status-publish format-standard has-post-thumbnail hentry category-blogs\" data-id=\"1401\">\n\t\t<div class=\"w-grid-item-h\">\n\t\t\t\t\t\t<div class=\"w-post-elm post_custom_field usg_post_custom_field_1 type_text  color_link_inherit\"><span class=\"w-post-elm-value\"><\/span><\/div><div class=\"w-vwrapper usg_vwrapper_1 align_left valign_top\" style=\"--vwrapper-gap:0.5rem\"><div class=\"w-post-elm post_image usg_post_image_1 has_ratio\"><div style=\"padding-bottom:75%\"><\/div><a href=\"https:\/\/www.fundacionbiodiversa.org\/fundacion2024\/es\/educacion-rural\/\" aria-label=\"Educaci\u00f3n rural: fortaleciendo v\u00ednculos con el territorio y la comunidad\"><img decoding=\"async\" width=\"300\" height=\"200\" data-src=\"https:\/\/www.fundacionbiodiversa.org\/fundacion2024\/wp-content\/uploads\/2024\/06\/gente_huerta-300x200.webp\" class=\"attachment-medium size-medium wp-post-image lazyload\" alt=\"\" data-srcset=\"https:\/\/www.fundacionbiodiversa.org\/fundacion2024\/wp-content\/uploads\/2024\/06\/gente_huerta-300x200.webp 300w, https:\/\/www.fundacionbiodiversa.org\/fundacion2024\/wp-content\/uploads\/2024\/06\/gente_huerta-1024x682.webp 1024w, https:\/\/www.fundacionbiodiversa.org\/fundacion2024\/wp-content\/uploads\/2024\/06\/gente_huerta.webp 1280w\" data-sizes=\"(max-width: 300px) 100vw, 300px\" src=\"data:image\/svg+xml;base64,PHN2ZyB3aWR0aD0iMSIgaGVpZ2h0PSIxIiB4bWxucz0iaHR0cDovL3d3dy53My5vcmcvMjAwMC9zdmciPjwvc3ZnPg==\" style=\"--smush-placeholder-width: 300px; --smush-placeholder-aspect-ratio: 300\/200;\" \/><\/a><\/div><div class=\"w-post-elm post_taxonomy usg_post_taxonomy_1 style_simple\"><a class=\"term-11 term-blogs\" href=\"https:\/\/www.fundacionbiodiversa.org\/fundacion2024\/es\/category\/blogs\/\">Blogs<\/a><\/div><h2 class=\"w-post-elm post_title usg_post_title_1 entry-title color_link_inherit\"><a href=\"https:\/\/www.fundacionbiodiversa.org\/fundacion2024\/es\/educacion-rural\/\">Educaci\u00f3n rural: fortaleciendo v\u00ednculos con el territorio y la comunidad<\/a><\/h2><div class=\"w-post-elm post_content usg_post_content_1\">Educaci\u00f3n rural: fortaleciendo v\u00ednculos con el territorio y la comunidad Resumen: Apoyamos el fortalecimiento de nuestros vecinos Centros Educativos Rurales&hellip;<\/div><time class=\"w-post-elm post_date usg_post_date_1 has_text_color entry-date published\" datetime=\"2025-08-04T18:34:31-05:00\" title=\"4 agosto 2025 a las 18:34:31 -05:00\">4 agosto, 2025<\/time><\/div>\t\t<\/div>\n\t<\/article>\n\t<article class=\"w-grid-item size_1x1 post-1611 post type-post status-publish format-standard has-post-thumbnail hentry category-blogs\" data-id=\"1611\">\n\t\t<div class=\"w-grid-item-h\">\n\t\t\t\t\t\t<div class=\"w-post-elm post_custom_field usg_post_custom_field_1 type_text  color_link_inherit\"><span class=\"w-post-elm-value\"><\/span><\/div><div class=\"w-vwrapper usg_vwrapper_1 align_left valign_top\" style=\"--vwrapper-gap:0.5rem\"><div class=\"w-post-elm post_image usg_post_image_1 has_ratio\"><div style=\"padding-bottom:75%\"><\/div><a href=\"https:\/\/www.fundacionbiodiversa.org\/fundacion2024\/es\/viverista-sandra-aragon-barbacoana-y-botanica-de-corazon\/\" aria-label=\"Viverista, Sandra Arag\u00f3n: barbacoana y bot\u00e1nica de coraz\u00f3n\"><img decoding=\"async\" width=\"300\" height=\"200\" data-src=\"https:\/\/www.fundacionbiodiversa.org\/fundacion2024\/wp-content\/uploads\/2024\/06\/gente_huerta-300x200.webp\" class=\"attachment-medium size-medium wp-post-image lazyload\" alt=\"\" data-srcset=\"https:\/\/www.fundacionbiodiversa.org\/fundacion2024\/wp-content\/uploads\/2024\/06\/gente_huerta-300x200.webp 300w, https:\/\/www.fundacionbiodiversa.org\/fundacion2024\/wp-content\/uploads\/2024\/06\/gente_huerta-1024x682.webp 1024w, https:\/\/www.fundacionbiodiversa.org\/fundacion2024\/wp-content\/uploads\/2024\/06\/gente_huerta.webp 1280w\" data-sizes=\"(max-width: 300px) 100vw, 300px\" src=\"data:image\/svg+xml;base64,PHN2ZyB3aWR0aD0iMSIgaGVpZ2h0PSIxIiB4bWxucz0iaHR0cDovL3d3dy53My5vcmcvMjAwMC9zdmciPjwvc3ZnPg==\" style=\"--smush-placeholder-width: 300px; --smush-placeholder-aspect-ratio: 300\/200;\" \/><\/a><\/div><div class=\"w-post-elm post_taxonomy usg_post_taxonomy_1 style_simple\"><a class=\"term-11 term-blogs\" href=\"https:\/\/www.fundacionbiodiversa.org\/fundacion2024\/es\/category\/blogs\/\">Blogs<\/a><\/div><h2 class=\"w-post-elm post_title usg_post_title_1 entry-title color_link_inherit\"><a href=\"https:\/\/www.fundacionbiodiversa.org\/fundacion2024\/es\/viverista-sandra-aragon-barbacoana-y-botanica-de-corazon\/\">Viverista, Sandra Arag\u00f3n: barbacoana y bot\u00e1nica de coraz\u00f3n<\/a><\/h2><div class=\"w-post-elm post_content usg_post_content_1\">Sandra Arag\u00f3n: barbacoana y bot\u00e1nica de coraz\u00f3n Sandra Arag\u00f3n recuerda con precisi\u00f3n el 15 de abril de 2022, el d\u00eda&hellip;<\/div><time class=\"w-post-elm post_date usg_post_date_1 has_text_color entry-date published\" datetime=\"2025-11-03T22:41:59-05:00\" title=\"3 noviembre 2025 a las 22:41:59 -05:00\">3 noviembre, 2025<\/time><\/div>\t\t<\/div>\n\t<\/article>\n<\/div><div class=\"w-grid-preloader\">\t<div class=\"g-preloader type_1\">\n\t\t<div><\/div>\n\t<\/div>\n\t<\/div>\t<div class=\"w-grid-json hidden\" onclick='return {&quot;action&quot;:&quot;us_ajax_grid&quot;,&quot;ajax_url&quot;:&quot;https:\\\/\\\/www.fundacionbiodiversa.org\\\/fundacion2024\\\/wp-admin\\\/admin-ajax.php&quot;,&quot;infinite_scroll&quot;:0,&quot;max_num_pages&quot;:1,&quot;pagination&quot;:&quot;none&quot;,&quot;template_vars&quot;:{&quot;columns&quot;:&quot;3&quot;,&quot;exclude_items&quot;:&quot;prev&quot;,&quot;img_size&quot;:&quot;default&quot;,&quot;ignore_items_size&quot;:0,&quot;items_layout&quot;:&quot;242&quot;,&quot;items_offset&quot;:&quot;1&quot;,&quot;load_animation&quot;:&quot;none&quot;,&quot;overriding_link&quot;:&quot;%7B%22url%22%3A%22%22%7D&quot;,&quot;post_id&quot;:0,&quot;query_args&quot;:{&quot;post_type&quot;:[&quot;post&quot;],&quot;tax_query&quot;:[{&quot;taxonomy&quot;:&quot;category&quot;,&quot;field&quot;:&quot;slug&quot;,&quot;terms&quot;:[&quot;blogs&quot;]}],&quot;post_status&quot;:[&quot;publish&quot;],&quot;posts_per_page&quot;:&quot;10&quot;},&quot;orderby_query_args&quot;:{&quot;orderby&quot;:{&quot;date&quot;:&quot;ASC&quot;}},&quot;type&quot;:&quot;grid&quot;,&quot;us_grid_ajax_index&quot;:1,&quot;us_grid_filter_params&quot;:[],&quot;us_grid_index&quot;:1,&quot;_us_grid_post_type&quot;:&quot;post&quot;,&quot;page_args&quot;:[]}}'><\/div>\n\t<\/div><div class=\"w-separator size_large\"><\/div><\/div><\/div><\/div><\/div><\/section>\n","protected":false},"excerpt":{"rendered":"Sandra Arag\u00f3n: barbacoana y bot\u00e1nica de coraz\u00f3n Sandra Arag\u00f3n recuerda con precisi\u00f3n el 15 de abril de 2022, el d\u00eda en que ingres\u00f3 a la Fundaci\u00f3n Biodiversa Colombia para trabajar en la Reserva El Silencio. Desde entonces, se ha encargado del cuidado y cosecha de los sistemas agroforestales y del mantenimiento del vivero en el...","protected":false},"author":1,"featured_media":0,"parent":0,"menu_order":0,"comment_status":"closed","ping_status":"closed","template":"","meta":{"footnotes":""},"class_list":["post-1046","page","type-page","status-publish","hentry"],"_links":{"self":[{"href":"https:\/\/www.fundacionbiodiversa.org\/fundacion2024\/wp-json\/wp\/v2\/pages\/1046","targetHints":{"allow":["GET"]}}],"collection":[{"href":"https:\/\/www.fundacionbiodiversa.org\/fundacion2024\/wp-json\/wp\/v2\/pages"}],"about":[{"href":"https:\/\/www.fundacionbiodiversa.org\/fundacion2024\/wp-json\/wp\/v2\/types\/page"}],"author":[{"embeddable":true,"href":"https:\/\/www.fundacionbiodiversa.org\/fundacion2024\/wp-json\/wp\/v2\/users\/1"}],"replies":[{"embeddable":true,"href":"https:\/\/www.fundacionbiodiversa.org\/fundacion2024\/wp-json\/wp\/v2\/comments?post=1046"}],"version-history":[{"count":2,"href":"https:\/\/www.fundacionbiodiversa.org\/fundacion2024\/wp-json\/wp\/v2\/pages\/1046\/revisions"}],"predecessor-version":[{"id":1055,"href":"https:\/\/www.fundacionbiodiversa.org\/fundacion2024\/wp-json\/wp\/v2\/pages\/1046\/revisions\/1055"}],"wp:attachment":[{"href":"https:\/\/www.fundacionbiodiversa.org\/fundacion2024\/wp-json\/wp\/v2\/media?parent=1046"}],"curies":[{"name":"wp","href":"https:\/\/api.w.org\/{rel}","templated":true}]}}