{"id":27,"date":"2024-05-04T21:16:09","date_gmt":"2024-05-05T02:16:09","guid":{"rendered":"https:\/\/www.fundacionbiodiversa.org\/fundacion2024\/?page_id=27"},"modified":"2024-06-07T07:11:26","modified_gmt":"2024-06-07T12:11:26","slug":"contacto","status":"publish","type":"page","link":"https:\/\/www.fundacionbiodiversa.org\/fundacion2024\/es\/contacto\/","title":{"rendered":"Contacto"},"content":{"rendered":"<section class=\"l-section wpb_row height_auto width_full\"><div class=\"l-section-h i-cf\"><div class=\"g-cols vc_row via_grid cols_1 laptops-cols_inherit tablets-cols_inherit mobiles-cols_1 valign_top type_default stacking_default\"><div class=\"wpb_column vc_column_container\"><div class=\"vc_column-inner\">\n\t\t\t<!-- START PELICANO REVOLUTION SLIDER 6.7.18 --><p class=\"rs-p-wp-fix\"><\/p>\n\t\t\t<rs-module-wrap id=\"rev_slider_4_1_wrapper\" data-source=\"gallery\" style=\"visibility:hidden;background:transparent;padding:0;margin:0px auto;margin-top:0;margin-bottom:0;\">\n\t\t\t\t<rs-module id=\"rev_slider_4_1\" style=\"\" data-version=\"6.7.18\">\n\t\t\t\t\t<rs-slides style=\"overflow: hidden; position: absolute;\">\n\t\t\t\t\t\t<rs-slide style=\"position: absolute;\" data-key=\"rs-6\" data-title=\"Slide\" data-in=\"o:0;\" data-out=\"a:false;\">\n\t\t\t\t\t\t\t<img decoding=\"async\" src=\"\/\/www.fundacionbiodiversa.org\/fundacion2024\/wp-content\/plugins\/revslider\/sr6\/assets\/assets\/dummy.png\" alt=\"Slide\" title=\"Contacto\" class=\"rev-slidebg tp-rs-img rs-lazyload\" data-lazyload=\"\/\/www.fundacionbiodiversa.org\/fundacion2024\/wp-content\/plugins\/revslider\/sr6\/assets\/assets\/transparent.png\" data-no-retina>\n<!--\n\t\t\t\t\t\t\t--><rs-layer\n\t\t\t\t\t\t\t\tid=\"slider-4-slide-6-layer-1\" \n\t\t\t\t\t\t\t\tdata-type=\"image\"\n\t\t\t\t\t\t\t\tdata-rsp_ch=\"on\"\n\t\t\t\t\t\t\t\tdata-xy=\"x:-482px;y:-446px;\"\n\t\t\t\t\t\t\t\tdata-text=\"w:normal;\"\n\t\t\t\t\t\t\t\tdata-dim=\"w:2174px;h:1223px;\"\n\t\t\t\t\t\t\t\tdata-frame_0=\"sX:0.9;sY:0.9;\"\n\t\t\t\t\t\t\t\tdata-frame_1=\"sp:1000;\"\n\t\t\t\t\t\t\t\tdata-frame_999=\"o:0;st:w;\"\n\t\t\t\t\t\t\t\tstyle=\"z-index:5;\"\n\t\t\t\t\t\t\t><img decoding=\"async\" src=\"\/\/www.fundacionbiodiversa.org\/fundacion2024\/wp-content\/plugins\/revslider\/sr6\/assets\/assets\/dummy.png\" alt=\"\" class=\"tp-rs-img rs-lazyload\" width=\"2980\" height=\"1677\" data-lazyload=\"\/\/www.fundacionbiodiversa.org\/fundacion2024\/wp-content\/uploads\/2024\/07\/Couple-of-Chesnut-fronted-Macaw-Ara-severus-scaled.jpg\" data-no-retina> \n\t\t\t\t\t\t\t<\/rs-layer><!--\n-->\t\t\t\t\t<\/rs-slide>\n\t\t\t\t\t<\/rs-slides>\n\t\t\t\t<\/rs-module>\n\t\t\t\t<script>\n\t\t\t\t\tsetREVStartSize({c: 'rev_slider_4_1',rl:[1240,1024,778,480],el:[400],gw:[1240],gh:[400],type:'standard',justify:'',layout:'fullwidth',mh:\"0\"});if (window.RS_MODULES!==undefined && window.RS_MODULES.modules!==undefined && window.RS_MODULES.modules[\"revslider41\"]!==undefined) {window.RS_MODULES.modules[\"revslider41\"].once = false;window.revapi4 = undefined;if (window.RS_MODULES.checkMinimal!==undefined) window.RS_MODULES.checkMinimal()}\n\t\t\t\t<\/script>\n\t\t\t<\/rs-module-wrap>\n\t\t\t<!-- END REVOLUTION SLIDER -->\n<\/div><\/div><\/div><\/div><\/section><section class=\"l-section wpb_row us_custom_93995a29 height_small\"><div class=\"l-section-h i-cf\"><div class=\"g-cols vc_row via_grid cols_2-1 laptops-cols_inherit tablets-cols_inherit mobiles-cols_1 valign_top type_default stacking_default\" style=\"--gap:calc(3rem + 10px);\"><div class=\"wpb_column vc_column_container\"><div class=\"vc_column-inner\"><div class=\"w-separator size_small\"><\/div><div class=\"wpb_text_column\"><div class=\"wpb_wrapper\"><h4><strong>Env\u00edanos un Mensaje<\/strong><\/h4>\n<\/div><\/div><div class=\"w-separator size_small\"><\/div><form class=\"w-form  layout_ver for_cform us_form_1\" autocomplete=\"off\" action=\"https:\/\/www.fundacionbiodiversa.org\/fundacion2024\/fundacion2024\/wp-json\/wp\/v2\/pages\/27\" method=\"post\"><div class=\"w-form-h\"><div class=\"w-form-row for_text required with_icon\">\n\t\t<div class=\"w-form-row-field\">\n\t\t\t\t<i class=\"far fa-user\"><\/i>\t\t<input aria-label=\"Nombre\" type=\"text\" name=\"us_form_1_text_1\" value placeholder=\"Nombre *\" data-required=\"true\" aria-required=\"true\"\/>\n\t\t\t<\/div>\n\t\t<div class=\"w-form-row-state\">Rellena este campo<\/div>\n<\/div>\n<div class=\"w-form-row for_text required with_icon\">\n\t\t<div class=\"w-form-row-field\">\n\t\t\t\t<i class=\"far fa-envelope\"><\/i>\t\t<input aria-label=\"Email\" type=\"text\" name=\"us_form_1_text_2\" value placeholder=\"Email *\" data-required=\"true\" aria-required=\"true\"\/>\n\t\t\t<\/div>\n\t\t<div class=\"w-form-row-state\">Rellena este campo<\/div>\n<\/div>\n<div class=\"w-form-row for_text required with_icon\">\n\t\t<div class=\"w-form-row-field\">\n\t\t\t\t<i class=\"far fa-phone\"><\/i>\t\t<input aria-label=\"Celular\" inputmode=\"tel\" type=\"text\" name=\"us_form_1_text_3\" value placeholder=\"Celular *\" data-required=\"true\" aria-required=\"true\"\/>\n\t\t\t<\/div>\n\t\t<div class=\"w-form-row-state\">Rellena este campo<\/div>\n<\/div>\n<div class=\"w-form-row for_textarea required with_icon\">\n\t\t<div class=\"w-form-row-field\">\n\t\t\t\t<i class=\"far fa-pencil\"><\/i>\t\t<textarea aria-label=\"Mensaje\" name=\"us_form_1_textarea_1\" placeholder=\"Mensaje *\" data-required=\"true\" aria-required=\"true\"><\/textarea>\n\t\t\t<\/div>\n\t\t<div class=\"w-form-row-state\">Rellena este campo<\/div>\n<\/div>\n<div class=\"w-form-row for_captcha has_label required with_icon\">\n\t<div class=\"w-form-row-label\">\n\t\t<span>Demuestra que no eres un Robot <span>26 - 4 = ?<\/span><\/span>\n\t<\/div>\n\t<div class=\"w-form-row-field\">\n\t\t\t\t<input type=\"hidden\" name=\"us_form_1_captcha_1_hash\" value=\"fa4f6b0524223ff5973ad64dad68f02c\" \/>\n\t\t<i class=\"far fa-question-circle\"><\/i>\t\t<input aria-label=\"Demuestra que no eres un Robot\" type=\"text\" name=\"us_form_1_captcha_1\" placeholder data-required=\"true\" aria-required=\"true\"\/>\n\t\t\t<\/div>\n\t\t<div class=\"w-form-row-state\">Escriba el resultado de la operaci\u00f3n para continuar<\/div>\n<\/div>\n<input type=\"hidden\" name=\"action\" value=\"us_ajax_cform\" \/>\n<input type=\"hidden\" name=\"post_id\" value=\"0\" \/>\n<input type=\"hidden\" name=\"form_index\" value=\"1\" \/>\n<div class=\"w-form-row for_submit align_none\">\n\t<button class=\"w-btn  us-btn-style_3\" aria-label=\"Enviar mensaje\" type=\"submit\">\n\t\t<span class=\"g-preloader type_1\"><\/span>\n\t\t\t\t<span class=\"w-btn-label\">Enviar mensaje<\/span>\n\t\t\t<\/button>\n\t<\/div>\n<\/div><div class=\"w-form-message\"><\/div><div class=\"w-form-json hidden\" onclick='return {&quot;ajaxurl&quot;:&quot;https:\\\/\\\/www.fundacionbiodiversa.org\\\/fundacion2024\\\/wp-admin\\\/admin-ajax.php&quot;,&quot;messages&quot;:{&quot;err_empty&quot;:&quot;Rellena este campo&quot;,&quot;err_size&quot;:&quot;El tama\\u00f1o del archivo no puede exceder %s MB&quot;,&quot;err_extension&quot;:&quot;El tipo de archivo %s no est\\u00e1 permitido&quot;}}'><\/div><\/form><div class=\"w-separator size_small\"><\/div><\/div><\/div><div class=\"wpb_column vc_column_container\"><div class=\"vc_column-inner\"><div class=\"w-separator size_huge\"><\/div><div class=\"wpb_text_column us_custom_93995a29\"><div class=\"wpb_wrapper\"><p style=\"text-align: left;\"><strong>Direcci\u00f3n postal<\/strong><\/p>\n<\/div><\/div><div class=\"w-separator size_small\"><\/div><div class=\"w-iconbox us_custom_49a3157f iconpos_left style_circle color_light align_left no_text\"><a href=\"https:\/\/maps.app.goo.gl\/kbuEZqdxBQUaeVFM6\" class=\"w-iconbox-link\" aria-label=\"Calle 65 # 16 &#8211; 69 Bogot\u00e1 DC Colombia\"><div class=\"w-iconbox-icon\" style=\"font-size:12px;\"><i class=\"far fa-map-marked-alt\"><\/i><\/div><\/a><div class=\"w-iconbox-meta\"><a href=\"https:\/\/maps.app.goo.gl\/kbuEZqdxBQUaeVFM6\" class=\"w-iconbox-link\" aria-label=\"Calle 65 # 16 &#8211; 69 Bogot\u00e1 DC Colombia\"><p class=\"w-iconbox-title\">Calle 65 # 16 &#8211; 69 Bogot\u00e1 DC Colombia<\/p><\/a><\/div><\/div><div class=\"w-separator size_medium\"><\/div><div class=\"wpb_text_column us_custom_93995a29\"><div class=\"wpb_wrapper\"><p style=\"text-align: left;\"><strong>Tel\u00e9fono\u00a0<\/strong><\/p>\n<\/div><\/div><div class=\"w-separator size_small\"><\/div><div class=\"w-iconbox us_custom_49a3157f iconpos_left style_circle color_light align_left no_text\"><div class=\"w-iconbox-icon\" style=\"font-size:12px;\"><i class=\"far fa-phone\"><\/i><\/div><div class=\"w-iconbox-meta\"><p class=\"w-iconbox-title\">+57-320-4138581<\/p><\/div><\/div><\/div><\/div><\/div><\/div><\/section>\n","protected":false},"excerpt":{"rendered":"Env\u00edanos un Mensaje Rellena este campo Rellena este campo Rellena este campo Rellena este campo Demuestra que no eres un Robot 25 + 2 = ? Escriba el resultado de la operaci\u00f3n para continuar Enviar mensaje Direcci\u00f3n postal Calle 65 # 16 &#8211; 69 Bogot\u00e1 DC ColombiaTel\u00e9fono\u00a0 +57-320-4138581","protected":false},"author":1,"featured_media":0,"parent":0,"menu_order":0,"comment_status":"closed","ping_status":"closed","template":"","meta":{"footnotes":""},"class_list":["post-27","page","type-page","status-publish","hentry"],"_links":{"self":[{"href":"https:\/\/www.fundacionbiodiversa.org\/fundacion2024\/wp-json\/wp\/v2\/pages\/27","targetHints":{"allow":["GET"]}}],"collection":[{"href":"https:\/\/www.fundacionbiodiversa.org\/fundacion2024\/wp-json\/wp\/v2\/pages"}],"about":[{"href":"https:\/\/www.fundacionbiodiversa.org\/fundacion2024\/wp-json\/wp\/v2\/types\/page"}],"author":[{"embeddable":true,"href":"https:\/\/www.fundacionbiodiversa.org\/fundacion2024\/wp-json\/wp\/v2\/users\/1"}],"replies":[{"embeddable":true,"href":"https:\/\/www.fundacionbiodiversa.org\/fundacion2024\/wp-json\/wp\/v2\/comments?post=27"}],"version-history":[{"count":28,"href":"https:\/\/www.fundacionbiodiversa.org\/fundacion2024\/wp-json\/wp\/v2\/pages\/27\/revisions"}],"predecessor-version":[{"id":38,"href":"https:\/\/www.fundacionbiodiversa.org\/fundacion2024\/wp-json\/wp\/v2\/pages\/27\/revisions\/38"}],"wp:attachment":[{"href":"https:\/\/www.fundacionbiodiversa.org\/fundacion2024\/wp-json\/wp\/v2\/media?parent=27"}],"curies":[{"name":"wp","href":"https:\/\/api.w.org\/{rel}","templated":true}]}}