{"id":604,"date":"2024-06-06T09:43:05","date_gmt":"2024-06-06T14:43:05","guid":{"rendered":"https:\/\/www.fundacionbiodiversa.org\/fundacion2024\/?page_id=604"},"modified":"2024-06-06T23:57:24","modified_gmt":"2024-06-07T04:57:24","slug":"documentos","status":"publish","type":"page","link":"https:\/\/www.fundacionbiodiversa.org\/fundacion2024\/es\/documentos\/","title":{"rendered":"documentos"},"content":{"rendered":"<section class=\"l-section wpb_row height_auto\"><div class=\"l-section-h i-cf\"><div class=\"g-cols vc_row via_grid cols_1 laptops-cols_inherit tablets-cols_inherit mobiles-cols_1 valign_top type_default stacking_default\"><div class=\"wpb_column vc_column_container\"><div class=\"vc_column-inner\">\n\t\t\t<!-- START PELICANO REVOLUTION SLIDER 6.7.18 --><p class=\"rs-p-wp-fix\"><\/p>\n\t\t\t<rs-module-wrap id=\"rev_slider_4_1_wrapper\" data-source=\"gallery\" style=\"visibility:hidden;background:transparent;padding:0;margin:0px auto;margin-top:0;margin-bottom:0;\">\n\t\t\t\t<rs-module id=\"rev_slider_4_1\" style=\"\" data-version=\"6.7.18\">\n\t\t\t\t\t<rs-slides style=\"overflow: hidden; position: absolute;\">\n\t\t\t\t\t\t<rs-slide style=\"position: absolute;\" data-key=\"rs-6\" data-title=\"Slide\" data-in=\"o:0;\" data-out=\"a:false;\">\n\t\t\t\t\t\t\t<img decoding=\"async\" src=\"\/\/www.fundacionbiodiversa.org\/fundacion2024\/wp-content\/plugins\/revslider\/sr6\/assets\/assets\/dummy.png\" alt=\"Slide\" title=\"documentos\" class=\"rev-slidebg tp-rs-img rs-lazyload\" data-lazyload=\"\/\/www.fundacionbiodiversa.org\/fundacion2024\/wp-content\/plugins\/revslider\/sr6\/assets\/assets\/transparent.png\" data-no-retina>\n<!--\n\t\t\t\t\t\t\t--><rs-layer\n\t\t\t\t\t\t\t\tid=\"slider-4-slide-6-layer-1\" \n\t\t\t\t\t\t\t\tdata-type=\"image\"\n\t\t\t\t\t\t\t\tdata-rsp_ch=\"on\"\n\t\t\t\t\t\t\t\tdata-xy=\"x:-482px;y:-446px;\"\n\t\t\t\t\t\t\t\tdata-text=\"w:normal;\"\n\t\t\t\t\t\t\t\tdata-dim=\"w:2174px;h:1223px;\"\n\t\t\t\t\t\t\t\tdata-frame_0=\"sX:0.9;sY:0.9;\"\n\t\t\t\t\t\t\t\tdata-frame_1=\"sp:1000;\"\n\t\t\t\t\t\t\t\tdata-frame_999=\"o:0;st:w;\"\n\t\t\t\t\t\t\t\tstyle=\"z-index:5;\"\n\t\t\t\t\t\t\t><img decoding=\"async\" src=\"\/\/www.fundacionbiodiversa.org\/fundacion2024\/wp-content\/plugins\/revslider\/sr6\/assets\/assets\/dummy.png\" alt=\"\" class=\"tp-rs-img rs-lazyload\" width=\"2980\" height=\"1677\" data-lazyload=\"\/\/www.fundacionbiodiversa.org\/fundacion2024\/wp-content\/uploads\/2024\/07\/Couple-of-Chesnut-fronted-Macaw-Ara-severus-scaled.jpg\" data-no-retina> \n\t\t\t\t\t\t\t<\/rs-layer><!--\n-->\t\t\t\t\t<\/rs-slide>\n\t\t\t\t\t<\/rs-slides>\n\t\t\t\t<\/rs-module>\n\t\t\t\t<script>\n\t\t\t\t\tsetREVStartSize({c: 'rev_slider_4_1',rl:[1240,1024,778,480],el:[400],gw:[1240],gh:[400],type:'standard',justify:'',layout:'fullwidth',mh:\"0\"});if (window.RS_MODULES!==undefined && window.RS_MODULES.modules!==undefined && window.RS_MODULES.modules[\"revslider41\"]!==undefined) {window.RS_MODULES.modules[\"revslider41\"].once = false;window.revapi4 = undefined;if (window.RS_MODULES.checkMinimal!==undefined) window.RS_MODULES.checkMinimal()}\n\t\t\t\t<\/script>\n\t\t\t<\/rs-module-wrap>\n\t\t\t<!-- END REVOLUTION SLIDER -->\n<div class=\"w-separator size_medium\"><\/div><\/div><\/div><\/div><\/div><\/section><section class=\"l-section wpb_row height_auto width_custom\" style=\"--site-content-width:1300px;\"><div class=\"l-section-h i-cf\"><div class=\"g-cols vc_row via_grid cols_2 laptops-cols_inherit tablets-cols_inherit mobiles-cols_1 valign_top type_default stacking_default\"><div class=\"wpb_column vc_column_container\"><div class=\"vc_column-inner\"><div class=\"wpb_text_column us_custom_f221e5ff\"><div class=\"wpb_wrapper\"><h4 style=\"text-align: left;\"><strong>Informes y documentos<\/strong><\/h4>\n<\/div><\/div><div class=\"w-separator size_small\"><\/div><div class=\"w-tabs layout_hor style_trendy switch_click has_scrolling\" style=\"--sections-title-size:1.2rem\"><div class=\"w-tabs-list items_8 align_none\" style=\"font-family:var(--h1-font-family);\"><div class=\"w-tabs-list-h\"><button class=\"w-tabs-item active defined-active\" aria-controls=\"content-def1\" aria-expanded=\"true\"><span class=\"w-tabs-item-title\">2020<\/span><\/button><button class=\"w-tabs-item\" aria-controls=\"content-j057\" aria-expanded=\"false\"><span class=\"w-tabs-item-title\">2019<\/span><\/button><button class=\"w-tabs-item\" aria-controls=\"content-v981\" aria-expanded=\"false\"><span class=\"w-tabs-item-title\">2018<\/span><\/button><button class=\"w-tabs-item\" aria-controls=\"content-ba98\" aria-expanded=\"false\"><span class=\"w-tabs-item-title\">2017<\/span><\/button><button class=\"w-tabs-item\" aria-controls=\"content-nbd8\" aria-expanded=\"false\"><span class=\"w-tabs-item-title\">2016<\/span><\/button><button class=\"w-tabs-item\" aria-controls=\"content-dcee\" aria-expanded=\"false\"><span class=\"w-tabs-item-title\">2015<\/span><\/button><button class=\"w-tabs-item\" aria-controls=\"content-xe46\" aria-expanded=\"false\"><span class=\"w-tabs-item-title\">2014<\/span><\/button><button class=\"w-tabs-item\" aria-controls=\"content-kfcb\" aria-expanded=\"false\"><span class=\"w-tabs-item-title\">2013<\/span><\/button><\/div><\/div><div class=\"w-tabs-sections titles-align_none icon_chevron cpos_right\"><div class=\"w-tabs-section active\" id=\"def1\"><button class=\"w-tabs-section-header active\" aria-controls=\"content-def1\" aria-expanded=\"true\"><div class=\"w-tabs-section-title\">2020<\/div><div class=\"w-tabs-section-control\"><\/div><\/button><div  class=\"w-tabs-section-content\" id=\"content-def1\"><div class=\"w-tabs-section-content-h i-cf\"><div class=\"wpb_text_column\"><div class=\"wpb_wrapper\"><p><a href=\"https:\/\/www.fundacionbiodiversa.org\/wordpress\/wp-content\/uploads\/2020\/09\/ReportTortugas2020_ValentinaFranco.pdf\"><b>Turtles \/ Tortugas<\/b>\u00a0: Plan de Acci\u00f3n Participativo en torno a la conservaci\u00f3n de tortugas en la Amazon\u00eda colombo-peruana 2020 Valentina Franco\u00a0<\/a><a href=\"https:\/\/academic.oup.com\/zoolinnean\/article\/190\/1\/298\/5802327\"><b>Barbacoas research<\/b>\u00a0: Moreno-Arias et al\u00a0<b>2020<\/b>\u00a0Evoluci\u00f3n de la estructura ecol\u00f3gica de las comunidades de anolis en las selvas tropicales del noroeste de Am\u00e9rica del Sur<\/a><\/p>\n<\/div><\/div><\/div><\/div><\/div><div class=\"w-tabs-section no_indents\" id=\"j057\"><button class=\"w-tabs-section-header\" aria-controls=\"content-j057\" aria-expanded=\"false\"><div class=\"w-tabs-section-title\">2019<\/div><div class=\"w-tabs-section-control\"><\/div><\/button><div  class=\"w-tabs-section-content\" id=\"content-j057\"><div class=\"w-tabs-section-content-h i-cf\"><div class=\"wpb_text_column\"><div class=\"wpb_wrapper\"><p><a href=\"https:\/\/www.fundacionbiodiversa.org\/wordpress\/wp-content\/uploads\/2020\/05\/Informe-de-gestion-2019.pdf\">Informe gesti\u00f3n 2019<\/a><br \/>\n<a href=\"https:\/\/www.fundacionbiodiversa.org\/wordpress\/wp-content\/uploads\/2020\/09\/Turtles-Final-report-2019.pdf\"><b>Turtles \/ Tortugas<\/b>\u00a0: Programa comunitario de conservaci\u00f3n de tres especies de tortugas de r\u00edo en peligro de extinci\u00f3n con comunidades ind\u00edgenas amaz\u00f3nicas de Colombia y Per\u00fa<\/a><\/p>\n<\/div><\/div><\/div><\/div><\/div><div class=\"w-tabs-section\" id=\"v981\"><button class=\"w-tabs-section-header\" aria-controls=\"content-v981\" aria-expanded=\"false\"><div class=\"w-tabs-section-title\">2018<\/div><div class=\"w-tabs-section-control\"><\/div><\/button><div  class=\"w-tabs-section-content\" id=\"content-v981\"><div class=\"w-tabs-section-content-h i-cf\"><div class=\"g-cols wpb_row via_grid cols_1 laptops-cols_inherit tablets-cols_inherit mobiles-cols_1 valign_top type_default stacking_default\" style=\"--gap:3rem;\"><div class=\"wpb_column vc_column_container\"><div class=\"vc_column-inner\"><div class=\"wpb_text_column\"><div class=\"wpb_wrapper\"><p><a href=\"https:\/\/www.fundacionbiodiversa.org\/wordpress\/wp-content\/uploads\/2019\/12\/Informe-gestio%CC%81n-2018-FBC.pdf\">Informe gesti\u00f3n 2018<\/a><\/p>\n<\/div><\/div><\/div><\/div><\/div><\/div><\/div><\/div><div class=\"w-tabs-section\" id=\"ba98\"><button class=\"w-tabs-section-header\" aria-controls=\"content-ba98\" aria-expanded=\"false\"><div class=\"w-tabs-section-title\">2017<\/div><div class=\"w-tabs-section-control\"><\/div><\/button><div  class=\"w-tabs-section-content\" id=\"content-ba98\"><div class=\"w-tabs-section-content-h i-cf\"><div class=\"wpb_text_column\"><div class=\"wpb_wrapper\"><p><a href=\"https:\/\/www.fundacionbiodiversa.org\/wordpress\/wp-content\/uploads\/2019\/12\/Informe-gestio%CC%81n-2017.pdf\">Informe gesti\u00f3n 2017<\/a><\/p>\n<\/div><\/div><\/div><\/div><\/div><div class=\"w-tabs-section\" id=\"nbd8\"><button class=\"w-tabs-section-header\" aria-controls=\"content-nbd8\" aria-expanded=\"false\"><div class=\"w-tabs-section-title\">2016<\/div><div class=\"w-tabs-section-control\"><\/div><\/button><div  class=\"w-tabs-section-content\" id=\"content-nbd8\"><div class=\"w-tabs-section-content-h i-cf\"><div class=\"wpb_text_column\"><div class=\"wpb_wrapper\"><p><a href=\"https:\/\/www.fundacionbiodiversa.org\/wordpress\/wp-content\/uploads\/2017\/06\/Informe-gesti%C3%B3n-2016.pdf\">Informe gesti\u00f3n 2016<\/a><br \/>\n<a href=\"https:\/\/www.fundacionbiodiversa.org\/wordpress\/wp-content\/uploads\/2017\/06\/Turtle-Final-report-2016.pdf\"><b>Turtles \/ Tortugas<\/b>\u00a0: Programa comunitario de conservaci\u00f3n de tres especies de tortugas de r\u00edo en peligro de extinci\u00f3n con comunidades ind\u00edgenas amaz\u00f3nicas de Colombia y Per\u00fa<\/a><\/p>\n<\/div><\/div><\/div><\/div><\/div><div class=\"w-tabs-section\" id=\"dcee\"><button class=\"w-tabs-section-header\" aria-controls=\"content-dcee\" aria-expanded=\"false\"><div class=\"w-tabs-section-title\">2015<\/div><div class=\"w-tabs-section-control\"><\/div><\/button><div  class=\"w-tabs-section-content\" id=\"content-dcee\"><div class=\"w-tabs-section-content-h i-cf\"><div class=\"wpb_text_column\"><div class=\"wpb_wrapper\"><p><a href=\"https:\/\/www.fundacionbiodiversa.org\/wordpress\/wp-content\/uploads\/2017\/04\/Informe-gesti%C3%B3n-2015.pdf\">Informe gesti\u00f3n 2015<\/a><br \/>\n<a href=\"https:\/\/www.fundacionbiodiversa.org\/wordpress\/wp-content\/uploads\/2017\/06\/Turtle-Final-Report-2015.pdf\"><b>Turtles \/ Tortugas<\/b>\u00a0: Programa comunitario de conservaci\u00f3n de tres especies de tortugas de r\u00edo en peligro de extinci\u00f3n con comunidades ind\u00edgenas amaz\u00f3nicas de Colombia y Per\u00fa<\/a><\/p>\n<\/div><\/div><\/div><\/div><\/div><div class=\"w-tabs-section\" id=\"xe46\"><button class=\"w-tabs-section-header\" aria-controls=\"content-xe46\" aria-expanded=\"false\"><div class=\"w-tabs-section-title\">2014<\/div><div class=\"w-tabs-section-control\"><\/div><\/button><div  class=\"w-tabs-section-content\" id=\"content-xe46\"><div class=\"w-tabs-section-content-h i-cf\"><div class=\"wpb_text_column\"><div class=\"wpb_wrapper\"><p><a href=\"https:\/\/www.fundacionbiodiversa.org\/wordpress\/wp-content\/uploads\/2017\/05\/informe-de-gestion-2014.pdf\">Informe de gesti\u00f3n 2014<\/a><br \/>\n<a href=\"https:\/\/www.fundacionbiodiversa.org\/wordpress\/wp-content\/uploads\/2017\/06\/DECLARATORIA-AP-BARBACOAS_Final_v2_20141211.pdf\"><b>Barbacoas<\/b>\u00a0: Declaratioria AP Barbacoas<\/a><br \/>\n<a href=\"https:\/\/www.fundacionbiodiversa.org\/wordpress\/wp-content\/uploads\/2020\/08\/PropuestaManejoPesquero-Barbacoas.pdf\"><strong>Barbacoas:<\/strong>\u00a0Propuesta manejo pesquero Barbacoas<\/a><br \/>\n<a href=\"https:\/\/www.fundacionbiodiversa.org\/wordpress\/wp-content\/uploads\/2017\/06\/HabitatIguana_Barbacoas_SalvaTuLogo.pdf\"><b>Barbacoas<\/b>\u00a0: INFORME FINAL DEL COMPONENTE DE CARACTERIZACI\u00d3N DE H\u00c1BITAT DE LA IGUANA EN LA FUTURA \u00c1REA PROTEGIDA BARBACOAS<\/a><\/p>\n<\/div><\/div><\/div><\/div><\/div><div class=\"w-tabs-section\" id=\"kfcb\"><button class=\"w-tabs-section-header\" aria-controls=\"content-kfcb\" aria-expanded=\"false\"><div class=\"w-tabs-section-title\">2013<\/div><div class=\"w-tabs-section-control\"><\/div><\/button><div  class=\"w-tabs-section-content\" id=\"content-kfcb\"><div class=\"w-tabs-section-content-h i-cf\"><div class=\"wpb_text_column\"><div class=\"wpb_wrapper\"><p><a href=\"https:\/\/www.fundacionbiodiversa.org\/wordpress\/wp-content\/uploads\/2017\/05\/informe-de-gestion-2013.pdf\">Informe de gesti\u00f3n 2013<\/a><br \/>\n<a href=\"https:\/\/www.fundacionbiodiversa.org\/wordpress\/wp-content\/uploads\/2017\/06\/Informe-final-San-Bartolo_FBC_2013.pdf\"><b>Barbacoas<\/b>\u00a0: Informe final de San Bartolo<\/a><br \/>\n<a href=\"https:\/\/www.fundacionbiodiversa.org\/wordpress\/wp-content\/uploads\/2017\/06\/Fundacion-Biodiversa-Technical-Report-El-Silencio-2013.pdf\"><b>El Silencio<\/b>\u00a0: Informe t\u00e9cnico<\/a><br \/>\n<a href=\"https:\/\/www.fundacionbiodiversa.org\/wordpress\/wp-content\/uploads\/2014\/08\/Informe-final-2013.pdf\"><b>Turtles \/ Tortugas<\/b>\u00a0: Programa de conservaci\u00f3n comunitaria de tortugas de r\u00edo por comunidades ingigenas colombo-Peruanas del rio Amazonas<\/a><\/p>\n<\/div><\/div><\/div><\/div><\/div><\/div><\/div><div class=\"w-separator size_large\"><\/div><div class=\"w-image has_ratio align_none\"><div class=\"w-image-h\"><div style=\"padding-bottom:66.6667%\"><\/div><img decoding=\"async\" width=\"1024\" height=\"683\" data-src=\"https:\/\/www.fundacionbiodiversa.org\/fundacion2024\/wp-content\/uploads\/2024\/06\/White-footed-Tamarin-Saguinus-leucopus-1024x683.jpg\" class=\"attachment-large size-large lazyload\" alt=\"\" data-srcset=\"https:\/\/www.fundacionbiodiversa.org\/fundacion2024\/wp-content\/uploads\/2024\/06\/White-footed-Tamarin-Saguinus-leucopus-1024x683.jpg 1024w, https:\/\/www.fundacionbiodiversa.org\/fundacion2024\/wp-content\/uploads\/2024\/06\/White-footed-Tamarin-Saguinus-leucopus-300x200.jpg 300w\" data-sizes=\"(max-width: 1024px) 100vw, 1024px\" src=\"data:image\/svg+xml;base64,PHN2ZyB3aWR0aD0iMSIgaGVpZ2h0PSIxIiB4bWxucz0iaHR0cDovL3d3dy53My5vcmcvMjAwMC9zdmciPjwvc3ZnPg==\" style=\"--smush-placeholder-width: 1024px; --smush-placeholder-aspect-ratio: 1024\/683;\" \/><\/div><\/div><\/div><\/div><div class=\"wpb_column vc_column_container\"><div class=\"vc_column-inner\"><div class=\"w-image has_ratio align_none\"><div class=\"w-image-h\"><div style=\"padding-bottom:133.3333%\"><\/div><img decoding=\"async\" width=\"1024\" height=\"683\" data-src=\"https:\/\/www.fundacionbiodiversa.org\/fundacion2024\/wp-content\/uploads\/2024\/06\/Malacoptila_panamensis_male-1024x683.jpg\" class=\"attachment-large size-large lazyload\" alt=\"\" data-srcset=\"https:\/\/www.fundacionbiodiversa.org\/fundacion2024\/wp-content\/uploads\/2024\/06\/Malacoptila_panamensis_male-1024x683.jpg 1024w, https:\/\/www.fundacionbiodiversa.org\/fundacion2024\/wp-content\/uploads\/2024\/06\/Malacoptila_panamensis_male-300x200.jpg 300w\" data-sizes=\"(max-width: 1024px) 100vw, 1024px\" src=\"data:image\/svg+xml;base64,PHN2ZyB3aWR0aD0iMSIgaGVpZ2h0PSIxIiB4bWxucz0iaHR0cDovL3d3dy53My5vcmcvMjAwMC9zdmciPjwvc3ZnPg==\" style=\"--smush-placeholder-width: 1024px; --smush-placeholder-aspect-ratio: 1024\/683;\" \/><\/div><\/div><div class=\"w-tabs layout_hor style_trendy switch_click has_scrolling\" style=\"--sections-title-size:1.2rem\"><div class=\"w-tabs-list items_7 align_none\" style=\"font-family:var(--h1-font-family);\"><div class=\"w-tabs-list-h\"><button class=\"w-tabs-item active\" aria-controls=\"content-n1bd\" aria-expanded=\"false\"><span class=\"w-tabs-item-title\">2012<\/span><\/button><button class=\"w-tabs-item\" aria-controls=\"content-y340\" aria-expanded=\"false\"><span class=\"w-tabs-item-title\">2011<\/span><\/button><button class=\"w-tabs-item\" aria-controls=\"content-u4b2\" aria-expanded=\"false\"><span class=\"w-tabs-item-title\">2010<\/span><\/button><button class=\"w-tabs-item\" aria-controls=\"content-o5d8\" aria-expanded=\"false\"><span class=\"w-tabs-item-title\">2009<\/span><\/button><button class=\"w-tabs-item\" aria-controls=\"content-j748\" aria-expanded=\"false\"><span class=\"w-tabs-item-title\">2008<\/span><\/button><button class=\"w-tabs-item\" aria-controls=\"content-a890\" aria-expanded=\"false\"><span class=\"w-tabs-item-title\">2007<\/span><\/button><button class=\"w-tabs-item\" aria-controls=\"content-t9b9\" aria-expanded=\"false\"><span class=\"w-tabs-item-title\">2006<\/span><\/button><\/div><\/div><div class=\"w-tabs-sections titles-align_none icon_chevron cpos_right\"><div class=\"w-tabs-section active\" id=\"n1bd\"><button class=\"w-tabs-section-header active\" aria-controls=\"content-n1bd\" aria-expanded=\"true\"><div class=\"w-tabs-section-title\">2012<\/div><div class=\"w-tabs-section-control\"><\/div><\/button><div  class=\"w-tabs-section-content\" id=\"content-n1bd\"><div class=\"w-tabs-section-content-h i-cf\"><div class=\"wpb_text_column\"><div class=\"wpb_wrapper\"><p><a href=\"https:\/\/www.fundacionbiodiversa.org\/wordpress\/wp-content\/uploads\/2017\/05\/Informe-de-gesti%C3%B3n-2012.pdf\">Informe de gesti\u00f3n 2012<\/a><br \/>\n<a href=\"https:\/\/www.fundacionbiodiversa.org\/wordpress\/wp-content\/uploads\/2014\/08\/Final-report-2012.pdf\"><b>Turtles \/ Tortugas<\/b>\u00a0: Programa comunitario de conservaci\u00f3n de tres especies de tortugas de r\u00edo en peligro de extinci\u00f3n con comunidades ind\u00edgenas amaz\u00f3nicas de Colombia y Per\u00fa<\/a><\/p>\n<\/div><\/div><\/div><\/div><\/div><div class=\"w-tabs-section\" id=\"y340\"><button class=\"w-tabs-section-header\" aria-controls=\"content-y340\" aria-expanded=\"false\"><div class=\"w-tabs-section-title\">2011<\/div><div class=\"w-tabs-section-control\"><\/div><\/button><div  class=\"w-tabs-section-content\" id=\"content-y340\"><div class=\"w-tabs-section-content-h i-cf\"><div class=\"wpb_text_column\"><div class=\"wpb_wrapper\"><p><a href=\"https:\/\/www.fundacionbiodiversa.org\/wordpress\/wp-content\/uploads\/2017\/05\/Informe-de-gesti%C3%B3n-2011.pdf\">Informe de gesti\u00f3n 2011<\/a><br \/>\n<a href=\"https:\/\/www.fundacionbiodiversa.org\/wordpress\/wp-content\/uploads\/2017\/06\/informefinal_pmabarbacoas1811.pdf\"><b>Barbacoas<\/b>\u00a0: ACTTUALIZACI\u00d3N AL PLAN DE MANEJO AMBIENTAL DEL COMPLEJO CENAGOSO DE BARBACOAS, MUNICIPIO DE YOND\u00d3, ANTIOQUIA<\/a><br \/>\n<a href=\"https:\/\/www.fundacionbiodiversa.org\/wordpress\/wp-content\/uploads\/2014\/08\/Final-report-2011.pdf\"><b>Turtles \/ Tortugas<\/b>\u00a0: Programa comunitario de conservaci\u00f3n de tres especies de tortugas de r\u00edo en peligro de extinci\u00f3n con comunidades ind\u00edgenas amaz\u00f3nicas de Colombia y Per\u00fa<\/a><\/p>\n<\/div><\/div><\/div><\/div><\/div><div class=\"w-tabs-section\" id=\"u4b2\"><button class=\"w-tabs-section-header\" aria-controls=\"content-u4b2\" aria-expanded=\"false\"><div class=\"w-tabs-section-title\">2010<\/div><div class=\"w-tabs-section-control\"><\/div><\/button><div  class=\"w-tabs-section-content\" id=\"content-u4b2\"><div class=\"w-tabs-section-content-h i-cf\"><div class=\"wpb_text_column\"><div class=\"wpb_wrapper\"><p><a href=\"https:\/\/www.fundacionbiodiversa.org\/wordpress\/wp-content\/uploads\/2017\/05\/Informe-de-gesti%C3%B3n-2010.pdf\">Informe de gesti\u00f3n 2010<\/a><br \/>\n<a href=\"https:\/\/www.fundacionbiodiversa.org\/wordpress\/wp-content\/uploads\/2014\/08\/Progress-report-2010.pdf\"><b>Turtles \/ Tortugas<\/b>\u00a0: Programa comunitario de conservaci\u00f3n de tres especies de tortugas de r\u00edo en peligro de extinci\u00f3n con comunidades ind\u00edgenas amaz\u00f3nicas de Colombia y Per\u00fa<\/a><\/p>\n<\/div><\/div><\/div><\/div><\/div><div class=\"w-tabs-section\" id=\"o5d8\"><button class=\"w-tabs-section-header\" aria-controls=\"content-o5d8\" aria-expanded=\"false\"><div class=\"w-tabs-section-title\">2009<\/div><div class=\"w-tabs-section-control\"><\/div><\/button><div  class=\"w-tabs-section-content\" id=\"content-o5d8\"><div class=\"w-tabs-section-content-h i-cf\"><div class=\"wpb_text_column\"><div class=\"wpb_wrapper\"><p><a href=\"https:\/\/www.fundacionbiodiversa.org\/wordpress\/wp-content\/uploads\/2017\/05\/Informe-de-gesti%C3%B3n-2009.pdf\">Informe de gesti\u00f3n 2009<\/a><br \/>\n<a href=\"https:\/\/www.fundacionbiodiversa.org\/wordpress\/wp-content\/uploads\/2014\/08\/Progress-report-2009.pdf\"><b>Turtles \/ Tortugas<\/b>\u00a0: Programa comunitario de conservaci\u00f3n de tortugas de r\u00edo por comunidades ind\u00edgenas peruanas y colombianas del r\u00edo Amazonas<\/a><\/p>\n<\/div><\/div><\/div><\/div><\/div><div class=\"w-tabs-section\" id=\"j748\"><button class=\"w-tabs-section-header\" aria-controls=\"content-j748\" aria-expanded=\"false\"><div class=\"w-tabs-section-title\">2008<\/div><div class=\"w-tabs-section-control\"><\/div><\/button><div  class=\"w-tabs-section-content\" id=\"content-j748\"><div class=\"w-tabs-section-content-h i-cf\"><div class=\"wpb_text_column\"><div class=\"wpb_wrapper\"><p><a href=\"https:\/\/www.fundacionbiodiversa.org\/wordpress\/wp-content\/uploads\/2017\/05\/Informe-de-gesti%C3%B3n-2008.pdf\">Informe de gesti\u00f3n 2008<\/a><br \/>\n<a href=\"https:\/\/www.fundacionbiodiversa.org\/wordpress\/wp-content\/uploads\/2014\/08\/Final-report-2008.pdf\"><b>Tortugas \/ Tortugas<\/b>\u00a0: Acciones iniciales hacia la conservaci\u00f3n de tres especies de tortugas de r\u00edo en peligro de extinci\u00f3n en la Amazonia colombiana.<\/a><br \/>\n<a href=\"https:\/\/www.fundacionbiodiversa.org\/wordpress\/wp-content\/uploads\/2017\/06\/tamarins_finalreport_2008.pdf\"><b>Tamarinos \/ Titi gris<\/b>\u00a0: Informe final.<\/a><\/p>\n<\/div><\/div><\/div><\/div><\/div><div class=\"w-tabs-section\" id=\"a890\"><button class=\"w-tabs-section-header\" aria-controls=\"content-a890\" aria-expanded=\"false\"><div class=\"w-tabs-section-title\">2007<\/div><div class=\"w-tabs-section-control\"><\/div><\/button><div  class=\"w-tabs-section-content\" id=\"content-a890\"><div class=\"w-tabs-section-content-h i-cf\"><div class=\"wpb_text_column\"><div class=\"wpb_wrapper\"><p><a href=\"https:\/\/www.fundacionbiodiversa.org\/wordpress\/wp-content\/uploads\/2017\/06\/tamarins_finalreport_2007.pdf\"><b>Tamarinos \/ Titi gris<\/b>\u00a0: Informe final.<\/a><\/p>\n<\/div><\/div><\/div><\/div><\/div><div class=\"w-tabs-section\" id=\"t9b9\"><button class=\"w-tabs-section-header\" aria-controls=\"content-t9b9\" aria-expanded=\"false\"><div class=\"w-tabs-section-title\">2006<\/div><div class=\"w-tabs-section-control\"><\/div><\/button><div  class=\"w-tabs-section-content\" id=\"content-t9b9\"><div class=\"w-tabs-section-content-h i-cf\"><div class=\"wpb_text_column\"><div class=\"wpb_wrapper\"><p><a href=\"https:\/\/www.fundacionbiodiversa.org\/wordpress\/wp-content\/uploads\/2017\/06\/Ateles_Conservation_Proposal_2006.pdf\"><b>Ateles<\/b>\u00a0: Propuesta de Programa de Conservaci\u00f3n.<\/a><br \/>\n<a href=\"https:\/\/www.fundacionbiodiversa.org\/wordpress\/wp-content\/uploads\/2017\/06\/tamarins_finalreport_2006.pdf\"><b>Tamarinos \/ Titi gris<\/b>\u00a0: Informe final.<\/a><\/p>\n<\/div><\/div><\/div><\/div><\/div><\/div><\/div><\/div><\/div><\/div><\/div><\/section><section class=\"l-section wpb_row height_medium\"><div class=\"l-section-h i-cf\"><div class=\"g-cols vc_row via_grid cols_1 laptops-cols_inherit tablets-cols_inherit mobiles-cols_1 valign_top type_default stacking_default\"><div class=\"wpb_column vc_column_container\"><div class=\"vc_column-inner\"><div class=\"w-separator size_small\"><\/div><\/div><\/div><\/div><\/div><\/section>\n","protected":false},"excerpt":{"rendered":"Informes y documentos 202020192018201720162015201420132020Turtles \/ Tortugas\u00a0: Plan de Acci\u00f3n Participativo en torno a la conservaci\u00f3n de tortugas en la Amazon\u00eda colombo-peruana 2020 Valentina Franco\u00a0Barbacoas research\u00a0: Moreno-Arias et al\u00a02020\u00a0Evoluci\u00f3n de la estructura ecol\u00f3gica de las comunidades de anolis en las selvas tropicales del noroeste de Am\u00e9rica del Sur 2019Informe gesti\u00f3n 2019 Turtles \/ Tortugas\u00a0: Programa comunitario...","protected":false},"author":1,"featured_media":0,"parent":0,"menu_order":0,"comment_status":"closed","ping_status":"closed","template":"","meta":{"footnotes":""},"class_list":["post-604","page","type-page","status-publish","hentry"],"_links":{"self":[{"href":"https:\/\/www.fundacionbiodiversa.org\/fundacion2024\/wp-json\/wp\/v2\/pages\/604","targetHints":{"allow":["GET"]}}],"collection":[{"href":"https:\/\/www.fundacionbiodiversa.org\/fundacion2024\/wp-json\/wp\/v2\/pages"}],"about":[{"href":"https:\/\/www.fundacionbiodiversa.org\/fundacion2024\/wp-json\/wp\/v2\/types\/page"}],"author":[{"embeddable":true,"href":"https:\/\/www.fundacionbiodiversa.org\/fundacion2024\/wp-json\/wp\/v2\/users\/1"}],"replies":[{"embeddable":true,"href":"https:\/\/www.fundacionbiodiversa.org\/fundacion2024\/wp-json\/wp\/v2\/comments?post=604"}],"version-history":[{"count":28,"href":"https:\/\/www.fundacionbiodiversa.org\/fundacion2024\/wp-json\/wp\/v2\/pages\/604\/revisions"}],"predecessor-version":[{"id":902,"href":"https:\/\/www.fundacionbiodiversa.org\/fundacion2024\/wp-json\/wp\/v2\/pages\/604\/revisions\/902"}],"wp:attachment":[{"href":"https:\/\/www.fundacionbiodiversa.org\/fundacion2024\/wp-json\/wp\/v2\/media?parent=604"}],"curies":[{"name":"wp","href":"https:\/\/api.w.org\/{rel}","templated":true}]}}